{"id":621,"date":"2024-08-24T17:47:55","date_gmt":"2024-08-24T14:47:55","guid":{"rendered":"https:\/\/bourbonkings.eu\/cart\/"},"modified":"2024-08-24T17:47:56","modified_gmt":"2024-08-24T14:47:56","slug":"cart","status":"publish","type":"page","link":"https:\/\/bourbonkings.eu\/lt\/cart\/","title":{"rendered":"Cart"},"content":{"rendered":"<div data-block-name=\"woocommerce\/cart\" class=\"wp-block-woocommerce-cart alignwide is-loading\"><div data-block-name=\"woocommerce\/filled-cart-block\" class=\"wp-block-woocommerce-filled-cart-block\"><div data-block-name=\"woocommerce\/cart-items-block\" class=\"wp-block-woocommerce-cart-items-block\"><div data-block-name=\"woocommerce\/cart-line-items-block\" class=\"wp-block-woocommerce-cart-line-items-block\"><\/div>\n\n<div data-block-name=\"woocommerce\/cart-cross-sells-block\" class=\"wp-block-woocommerce-cart-cross-sells-block\"><h2 class=\"wp-block-heading has-large-font-size\">You may be interested in\u2026<\/h2>\n\n<div data-block-name=\"woocommerce\/cart-cross-sells-products-block\" class=\"wp-block-woocommerce-cart-cross-sells-products-block\"><\/div><\/div><\/div>\n\n<div data-block-name=\"woocommerce\/cart-totals-block\" class=\"wp-block-woocommerce-cart-totals-block\"><div data-block-name=\"woocommerce\/cart-order-summary-block\" class=\"wp-block-woocommerce-cart-order-summary-block\"><div data-block-name=\"woocommerce\/cart-order-summary-heading-block\" class=\"wp-block-woocommerce-cart-order-summary-heading-block\"><\/div><div data-block-name=\"woocommerce\/cart-order-summary-coupon-form-block\" class=\"wp-block-woocommerce-cart-order-summary-coupon-form-block\"><\/div><div data-block-name=\"woocommerce\/cart-order-summary-totals-block\" class=\"wp-block-woocommerce-cart-order-summary-totals-block\">\n<div data-block-name=\"woocommerce\/cart-order-summary-subtotal-block\" class=\"wp-block-woocommerce-cart-order-summary-subtotal-block\"><\/div>\n<div data-block-name=\"woocommerce\/cart-order-summary-discount-block\" class=\"wp-block-woocommerce-cart-order-summary-discount-block\"><\/div>\n<div data-block-name=\"woocommerce\/cart-order-summary-fee-block\" class=\"wp-block-woocommerce-cart-order-summary-fee-block\"><\/div>\n<div data-block-name=\"woocommerce\/cart-order-summary-shipping-block\" class=\"wp-block-woocommerce-cart-order-summary-shipping-block\"><\/div>\n<div data-block-name=\"woocommerce\/cart-order-summary-taxes-block\" class=\"wp-block-woocommerce-cart-order-summary-taxes-block\"><\/div><\/div><\/div>\n\n<div data-block-name=\"woocommerce\/cart-express-payment-block\" class=\"wp-block-woocommerce-cart-express-payment-block\"><\/div>\n\n<div data-block-name=\"woocommerce\/proceed-to-checkout-block\" class=\"wp-block-woocommerce-proceed-to-checkout-block\"><\/div>\n\n<div data-block-name=\"woocommerce\/cart-accepted-payment-methods-block\" class=\"wp-block-woocommerce-cart-accepted-payment-methods-block\"><\/div><\/div><\/div>\n\n<div data-block-name=\"woocommerce\/empty-cart-block\" class=\"wp-block-woocommerce-empty-cart-block\"><h2 class=\"wp-block-heading has-text-align-center with-empty-cart-icon wc-block-cart__empty-cart__title\">Your cart is currently empty!<\/h2>\n\n<hr class=\"wp-block-separator has-alpha-channel-opacity is-style-dots\"\/>\n\n<h2 class=\"wp-block-heading has-text-align-center\">New in store<\/h2>\n\n<div data-block-name=\"woocommerce\/product-new\" data-columns=\"4\" data-rows=\"1\" class=\"wc-block-grid wp-block-product-new wc-block-product-new has-4-columns\"><ul class=\"wc-block-grid__products\"><li class=\"wc-block-grid__product\">\n\t\t\t\t<a href=\"https:\/\/bourbonkings.eu\/lt\/product\/gift-card-e100\/\" class=\"wc-block-grid__product-link\">\n\t\t\t\t\t\n\t\t\t\t\t<div class=\"wc-block-grid__product-image\"><img data-recalc-dims=\"1\" loading=\"lazy\" decoding=\"async\" width=\"300\" height=\"140\" src=\"https:\/\/i0.wp.com\/bourbonkings.eu\/wp-content\/uploads\/2024\/10\/ee.png?resize=300%2C140&#038;ssl=1\" class=\"attachment-woocommerce_thumbnail size-woocommerce_thumbnail\" alt=\"Gift Card (\u20ac100)\" srcset=\"https:\/\/i0.wp.com\/bourbonkings.eu\/wp-content\/uploads\/2024\/10\/ee.png?resize=300%2C140&amp;ssl=1 300w, https:\/\/i0.wp.com\/bourbonkings.eu\/wp-content\/uploads\/2024\/10\/ee.png?resize=1024%2C479&amp;ssl=1 1024w, https:\/\/i0.wp.com\/bourbonkings.eu\/wp-content\/uploads\/2024\/10\/ee.png?resize=768%2C360&amp;ssl=1 768w, https:\/\/i0.wp.com\/bourbonkings.eu\/wp-content\/uploads\/2024\/10\/ee.png?resize=1536%2C719&amp;ssl=1 1536w, https:\/\/i0.wp.com\/bourbonkings.eu\/wp-content\/uploads\/2024\/10\/ee.png?resize=1200%2C562&amp;ssl=1 1200w, https:\/\/i0.wp.com\/bourbonkings.eu\/wp-content\/uploads\/2024\/10\/ee.png?w=1820&amp;ssl=1 1820w\" sizes=\"(max-width: 300px) 100vw, 300px\" \/><\/div>\n\t\t\t\t\t<div class=\"wc-block-grid__product-title\">Gift Card (\u20ac100)<\/div>\n\t\t\t\t<\/a>\n\t\t\t\t<div class=\"wc-block-grid__product-price price\">\t\t<span class=\"tiered-pricing-dynamic-price-wrapper\" data-display-context=\"shop-loop\" data-price-type=\"no-rules\" data-product-id=\"1328\">\n\t\t\t<span class=\"woocommerce-Price-amount amount\">100,00&nbsp;<span class=\"woocommerce-Price-currencySymbol\">&euro;<\/span><\/span><\/span><\/div>\n\t\t\t\t\n\t\t\t\t<div class=\"wp-block-button wc-block-grid__product-add-to-cart\"><a href=\"?add-to-cart=1328\" aria-label=\"Add to cart: &ldquo;Gift Card (\u20ac100)&rdquo;\" data-quantity=\"1\" data-product_id=\"1328\" data-product_sku=\"\" data-price=\"100\" rel=\"nofollow\" class=\"wp-block-button__link  add_to_cart_button ajax_add_to_cart\">\u012e krep\u0161el\u012f<\/a><\/div>\n\t\t\t<\/li><li class=\"wc-block-grid__product\">\n\t\t\t\t<a href=\"https:\/\/bourbonkings.eu\/lt\/product\/gift-card-e50\/\" class=\"wc-block-grid__product-link\">\n\t\t\t\t\t\n\t\t\t\t\t<div class=\"wc-block-grid__product-image\"><img data-recalc-dims=\"1\" loading=\"lazy\" decoding=\"async\" width=\"300\" height=\"140\" src=\"https:\/\/i0.wp.com\/bourbonkings.eu\/wp-content\/uploads\/2024\/10\/ee.png?resize=300%2C140&#038;ssl=1\" class=\"attachment-woocommerce_thumbnail size-woocommerce_thumbnail\" alt=\"Gift Card (\u20ac50)\" srcset=\"https:\/\/i0.wp.com\/bourbonkings.eu\/wp-content\/uploads\/2024\/10\/ee.png?resize=300%2C140&amp;ssl=1 300w, https:\/\/i0.wp.com\/bourbonkings.eu\/wp-content\/uploads\/2024\/10\/ee.png?resize=1024%2C479&amp;ssl=1 1024w, https:\/\/i0.wp.com\/bourbonkings.eu\/wp-content\/uploads\/2024\/10\/ee.png?resize=768%2C360&amp;ssl=1 768w, https:\/\/i0.wp.com\/bourbonkings.eu\/wp-content\/uploads\/2024\/10\/ee.png?resize=1536%2C719&amp;ssl=1 1536w, https:\/\/i0.wp.com\/bourbonkings.eu\/wp-content\/uploads\/2024\/10\/ee.png?resize=1200%2C562&amp;ssl=1 1200w, https:\/\/i0.wp.com\/bourbonkings.eu\/wp-content\/uploads\/2024\/10\/ee.png?w=1820&amp;ssl=1 1820w\" sizes=\"(max-width: 300px) 100vw, 300px\" \/><\/div>\n\t\t\t\t\t<div class=\"wc-block-grid__product-title\">Gift Card (\u20ac50)<\/div>\n\t\t\t\t<\/a>\n\t\t\t\t<div class=\"wc-block-grid__product-price price\">\t\t<span class=\"tiered-pricing-dynamic-price-wrapper\" data-display-context=\"shop-loop\" data-price-type=\"no-rules\" data-product-id=\"1327\">\n\t\t\t<span class=\"woocommerce-Price-amount amount\">50,00&nbsp;<span class=\"woocommerce-Price-currencySymbol\">&euro;<\/span><\/span><\/span><\/div>\n\t\t\t\t\n\t\t\t\t<div class=\"wp-block-button wc-block-grid__product-add-to-cart\"><a href=\"?add-to-cart=1327\" aria-label=\"Add to cart: &ldquo;Gift Card (\u20ac50)&rdquo;\" data-quantity=\"1\" data-product_id=\"1327\" data-product_sku=\"\" data-price=\"50\" rel=\"nofollow\" class=\"wp-block-button__link  add_to_cart_button ajax_add_to_cart\">\u012e krep\u0161el\u012f<\/a><\/div>\n\t\t\t<\/li><li class=\"wc-block-grid__product\">\n\t\t\t\t<a href=\"https:\/\/bourbonkings.eu\/lt\/product\/bourbon-kings-premium-whiskey-and-nosing-glass-gift-set-box-nosing-glasses-only\/\" class=\"wc-block-grid__product-link\">\n\t\t\t\t\t\n\t\t\t\t\t<div class=\"wc-block-grid__product-image\"><img data-recalc-dims=\"1\" loading=\"lazy\" decoding=\"async\" width=\"300\" height=\"205\" src=\"https:\/\/i0.wp.com\/bourbonkings.eu\/wp-content\/uploads\/2024\/11\/Untitled-28-e1732864290511.png?resize=300%2C205&#038;ssl=1\" class=\"attachment-woocommerce_thumbnail size-woocommerce_thumbnail\" alt=\"Bourbon Kings Premium Whiskey and Nosing Glass Gift Set (BOX + Nosing Glasses ONLY)\" srcset=\"https:\/\/i0.wp.com\/bourbonkings.eu\/wp-content\/uploads\/2024\/11\/Untitled-28-e1732864290511.png?w=2392&amp;ssl=1 2392w, https:\/\/i0.wp.com\/bourbonkings.eu\/wp-content\/uploads\/2024\/11\/Untitled-28-e1732864290511.png?resize=300%2C205&amp;ssl=1 300w, https:\/\/i0.wp.com\/bourbonkings.eu\/wp-content\/uploads\/2024\/11\/Untitled-28-e1732864290511.png?resize=1024%2C699&amp;ssl=1 1024w, https:\/\/i0.wp.com\/bourbonkings.eu\/wp-content\/uploads\/2024\/11\/Untitled-28-e1732864290511.png?resize=768%2C524&amp;ssl=1 768w, https:\/\/i0.wp.com\/bourbonkings.eu\/wp-content\/uploads\/2024\/11\/Untitled-28-e1732864290511.png?resize=1536%2C1048&amp;ssl=1 1536w, https:\/\/i0.wp.com\/bourbonkings.eu\/wp-content\/uploads\/2024\/11\/Untitled-28-e1732864290511.png?resize=2048%2C1397&amp;ssl=1 2048w, https:\/\/i0.wp.com\/bourbonkings.eu\/wp-content\/uploads\/2024\/11\/Untitled-28-e1732864290511.png?resize=1200%2C819&amp;ssl=1 1200w\" sizes=\"(max-width: 300px) 100vw, 300px\" \/><\/div>\n\t\t\t\t\t<div class=\"wc-block-grid__product-title\">Bourbon Kings Premium Whiskey and Nosing Glass Gift Set (BOX + Nosing Glasses ONLY)<\/div>\n\t\t\t\t<\/a>\n\t\t\t\t<div class=\"wc-block-grid__product-price price\">\t\t<span class=\"tiered-pricing-dynamic-price-wrapper\" data-display-context=\"shop-loop\" data-price-type=\"no-rules\" data-product-id=\"1325\">\n\t\t\t<span class=\"woocommerce-Price-amount amount\">15,00&nbsp;<span class=\"woocommerce-Price-currencySymbol\">&euro;<\/span><\/span><\/span><\/div>\n\t\t\t\t\n\t\t\t\t<div class=\"wp-block-button wc-block-grid__product-add-to-cart\"><a href=\"?add-to-cart=1325\" aria-label=\"Add to cart: &ldquo;Bourbon Kings Premium Whiskey and Nosing Glass Gift Set (BOX + Nosing Glasses ONLY)&rdquo;\" data-quantity=\"1\" data-product_id=\"1325\" data-product_sku=\"\" data-price=\"15\" rel=\"nofollow\" class=\"wp-block-button__link  add_to_cart_button ajax_add_to_cart\">\u012e krep\u0161el\u012f<\/a><\/div>\n\t\t\t<\/li><li class=\"wc-block-grid__product\">\n\t\t\t\t<a href=\"https:\/\/bourbonkings.eu\/lt\/product\/bourbon-kings-premium-whiskey-gift-box\/\" class=\"wc-block-grid__product-link\">\n\t\t\t\t\t\n\t\t\t\t\t<div class=\"wc-block-grid__product-image\"><img data-recalc-dims=\"1\" loading=\"lazy\" decoding=\"async\" width=\"300\" height=\"205\" src=\"https:\/\/i0.wp.com\/bourbonkings.eu\/wp-content\/uploads\/2024\/11\/Untitled-28-e1732864290511.png?resize=300%2C205&#038;ssl=1\" class=\"attachment-woocommerce_thumbnail size-woocommerce_thumbnail\" alt=\"Bourbon Kings Premium Whiskey Gift Box (BOX ONLY)\" srcset=\"https:\/\/i0.wp.com\/bourbonkings.eu\/wp-content\/uploads\/2024\/11\/Untitled-28-e1732864290511.png?w=2392&amp;ssl=1 2392w, https:\/\/i0.wp.com\/bourbonkings.eu\/wp-content\/uploads\/2024\/11\/Untitled-28-e1732864290511.png?resize=300%2C205&amp;ssl=1 300w, https:\/\/i0.wp.com\/bourbonkings.eu\/wp-content\/uploads\/2024\/11\/Untitled-28-e1732864290511.png?resize=1024%2C699&amp;ssl=1 1024w, https:\/\/i0.wp.com\/bourbonkings.eu\/wp-content\/uploads\/2024\/11\/Untitled-28-e1732864290511.png?resize=768%2C524&amp;ssl=1 768w, https:\/\/i0.wp.com\/bourbonkings.eu\/wp-content\/uploads\/2024\/11\/Untitled-28-e1732864290511.png?resize=1536%2C1048&amp;ssl=1 1536w, https:\/\/i0.wp.com\/bourbonkings.eu\/wp-content\/uploads\/2024\/11\/Untitled-28-e1732864290511.png?resize=2048%2C1397&amp;ssl=1 2048w, https:\/\/i0.wp.com\/bourbonkings.eu\/wp-content\/uploads\/2024\/11\/Untitled-28-e1732864290511.png?resize=1200%2C819&amp;ssl=1 1200w\" sizes=\"(max-width: 300px) 100vw, 300px\" \/><\/div>\n\t\t\t\t\t<div class=\"wc-block-grid__product-title\">Bourbon Kings Premium Whiskey Gift Box (BOX ONLY)<\/div>\n\t\t\t\t<\/a>\n\t\t\t\t<div class=\"wc-block-grid__product-price price\">\t\t<span class=\"tiered-pricing-dynamic-price-wrapper\" data-display-context=\"shop-loop\" data-price-type=\"no-rules\" data-product-id=\"1285\">\n\t\t\t<span class=\"woocommerce-Price-amount amount\">10,00&nbsp;<span class=\"woocommerce-Price-currencySymbol\">&euro;<\/span><\/span><\/span><\/div>\n\t\t\t\t\n\t\t\t\t<div class=\"wp-block-button wc-block-grid__product-add-to-cart\"><a href=\"?add-to-cart=1285\" aria-label=\"Add to cart: &ldquo;Bourbon Kings Premium Whiskey Gift Box (BOX ONLY)&rdquo;\" data-quantity=\"1\" data-product_id=\"1285\" data-product_sku=\"MERCH_0004\" data-price=\"10\" rel=\"nofollow\" class=\"wp-block-button__link  add_to_cart_button ajax_add_to_cart\">\u012e krep\u0161el\u012f<\/a><\/div>\n\t\t\t<\/li><\/ul><\/div><\/div><\/div>","protected":false},"excerpt":{"rendered":"<p>You may be interested in\u2026 Your cart is currently empty! New in store<\/p>\n","protected":false},"author":16,"featured_media":0,"parent":0,"menu_order":0,"comment_status":"closed","ping_status":"closed","template":"","meta":{"_price":"","_stock":"","_tribe_ticket_header":"","_tribe_default_ticket_provider":"","_tribe_ticket_capacity":"0","_ticket_start_date":"","_ticket_end_date":"","_tribe_ticket_show_description":"","_tribe_ticket_show_not_going":false,"_tribe_ticket_use_global_stock":"","_tribe_ticket_global_stock_level":"","_global_stock_mode":"","_global_stock_cap":"","_tribe_rsvp_for_event":"","_tribe_ticket_going_count":"","_tribe_ticket_not_going_count":"","_tribe_tickets_list":"[]","_tribe_ticket_has_attendee_info_fields":false,"footnotes":""},"class_list":["post-621","page","type-page","status-publish","hentry","description-off"],"yoast_head":"<!-- This site is optimized with the Yoast SEO plugin v23.5 - https:\/\/yoast.com\/wordpress\/plugins\/seo\/ -->\n<title>Cart - Bourbon Kings<\/title>\n<meta name=\"robots\" content=\"index, follow, max-snippet:-1, max-image-preview:large, max-video-preview:-1\" \/>\n<link rel=\"canonical\" href=\"https:\/\/bourbonkings.eu\/lt\/cart\/\" \/>\n<meta property=\"og:locale\" content=\"lt_LT\" \/>\n<meta property=\"og:type\" content=\"article\" \/>\n<meta property=\"og:title\" content=\"Cart - Bourbon Kings\" \/>\n<meta property=\"og:url\" content=\"https:\/\/bourbonkings.eu\/lt\/cart\/\" \/>\n<meta property=\"og:site_name\" content=\"Bourbon Kings\" \/>\n<meta property=\"article:modified_time\" content=\"2024-08-24T14:47:56+00:00\" \/>\n<meta property=\"og:image\" content=\"https:\/\/bourbonkings.eu\/wp-content\/uploads\/2024\/06\/Bourbon-Tasting.png\" \/>\n\t<meta property=\"og:image:width\" content=\"940\" \/>\n\t<meta property=\"og:image:height\" content=\"788\" \/>\n\t<meta property=\"og:image:type\" content=\"image\/png\" \/>\n<meta name=\"twitter:card\" content=\"summary_large_image\" \/>\n<script type=\"application\/ld+json\" class=\"yoast-schema-graph\">{\"@context\":\"https:\/\/schema.org\",\"@graph\":[{\"@type\":\"WebPage\",\"@id\":\"https:\/\/bourbonkings.eu\/lt\/cart\/\",\"url\":\"https:\/\/bourbonkings.eu\/lt\/cart\/\",\"name\":\"Cart - Bourbon Kings\",\"isPartOf\":{\"@id\":\"https:\/\/bourbonkings.eu\/lt\/#website\"},\"datePublished\":\"2024-08-24T14:47:55+00:00\",\"dateModified\":\"2024-08-24T14:47:56+00:00\",\"breadcrumb\":{\"@id\":\"https:\/\/bourbonkings.eu\/lt\/cart\/#breadcrumb\"},\"inLanguage\":\"lt-LT\",\"potentialAction\":[{\"@type\":\"ReadAction\",\"target\":[\"https:\/\/bourbonkings.eu\/lt\/cart\/\"]}]},{\"@type\":\"BreadcrumbList\",\"@id\":\"https:\/\/bourbonkings.eu\/lt\/cart\/#breadcrumb\",\"itemListElement\":[{\"@type\":\"ListItem\",\"position\":1,\"name\":\"Home\",\"item\":\"https:\/\/bourbonkings.eu\/lt\/\"},{\"@type\":\"ListItem\",\"position\":2,\"name\":\"Cart\"}]},{\"@type\":\"WebSite\",\"@id\":\"https:\/\/bourbonkings.eu\/lt\/#website\",\"url\":\"https:\/\/bourbonkings.eu\/lt\/\",\"name\":\"Bourbon Kings\",\"description\":\"More Bourbon in More Places\",\"publisher\":{\"@id\":\"https:\/\/bourbonkings.eu\/lt\/#organization\"},\"potentialAction\":[{\"@type\":\"SearchAction\",\"target\":{\"@type\":\"EntryPoint\",\"urlTemplate\":\"https:\/\/bourbonkings.eu\/lt\/?s={search_term_string}\"},\"query-input\":{\"@type\":\"PropertyValueSpecification\",\"valueRequired\":true,\"valueName\":\"search_term_string\"}}],\"inLanguage\":\"lt-LT\"},{\"@type\":\"Organization\",\"@id\":\"https:\/\/bourbonkings.eu\/lt\/#organization\",\"name\":\"Bourbon Kings\",\"url\":\"https:\/\/bourbonkings.eu\/lt\/\",\"logo\":{\"@type\":\"ImageObject\",\"inLanguage\":\"lt-LT\",\"@id\":\"https:\/\/bourbonkings.eu\/lt\/#\/schema\/logo\/image\/\",\"url\":\"https:\/\/bourbonkings.eu\/wp-content\/uploads\/2024\/06\/bk-logo-e1719341491876.png\",\"contentUrl\":\"https:\/\/bourbonkings.eu\/wp-content\/uploads\/2024\/06\/bk-logo-e1719341491876.png\",\"width\":300,\"height\":170,\"caption\":\"Bourbon Kings\"},\"image\":{\"@id\":\"https:\/\/bourbonkings.eu\/lt\/#\/schema\/logo\/image\/\"}}]}<\/script>\n<!-- \/ Yoast SEO plugin. -->","yoast_head_json":{"title":"Cart - Bourbon Kings","robots":{"index":"index","follow":"follow","max-snippet":"max-snippet:-1","max-image-preview":"max-image-preview:large","max-video-preview":"max-video-preview:-1"},"canonical":"https:\/\/bourbonkings.eu\/lt\/cart\/","og_locale":"lt_LT","og_type":"article","og_title":"Cart - Bourbon Kings","og_url":"https:\/\/bourbonkings.eu\/lt\/cart\/","og_site_name":"Bourbon Kings","article_modified_time":"2024-08-24T14:47:56+00:00","og_image":[{"width":940,"height":788,"url":"https:\/\/bourbonkings.eu\/wp-content\/uploads\/2024\/06\/Bourbon-Tasting.png","type":"image\/png"}],"twitter_card":"summary_large_image","schema":{"@context":"https:\/\/schema.org","@graph":[{"@type":"WebPage","@id":"https:\/\/bourbonkings.eu\/lt\/cart\/","url":"https:\/\/bourbonkings.eu\/lt\/cart\/","name":"Cart - Bourbon Kings","isPartOf":{"@id":"https:\/\/bourbonkings.eu\/lt\/#website"},"datePublished":"2024-08-24T14:47:55+00:00","dateModified":"2024-08-24T14:47:56+00:00","breadcrumb":{"@id":"https:\/\/bourbonkings.eu\/lt\/cart\/#breadcrumb"},"inLanguage":"lt-LT","potentialAction":[{"@type":"ReadAction","target":["https:\/\/bourbonkings.eu\/lt\/cart\/"]}]},{"@type":"BreadcrumbList","@id":"https:\/\/bourbonkings.eu\/lt\/cart\/#breadcrumb","itemListElement":[{"@type":"ListItem","position":1,"name":"Home","item":"https:\/\/bourbonkings.eu\/lt\/"},{"@type":"ListItem","position":2,"name":"Cart"}]},{"@type":"WebSite","@id":"https:\/\/bourbonkings.eu\/lt\/#website","url":"https:\/\/bourbonkings.eu\/lt\/","name":"Bourbon Kings","description":"More Bourbon in More Places","publisher":{"@id":"https:\/\/bourbonkings.eu\/lt\/#organization"},"potentialAction":[{"@type":"SearchAction","target":{"@type":"EntryPoint","urlTemplate":"https:\/\/bourbonkings.eu\/lt\/?s={search_term_string}"},"query-input":{"@type":"PropertyValueSpecification","valueRequired":true,"valueName":"search_term_string"}}],"inLanguage":"lt-LT"},{"@type":"Organization","@id":"https:\/\/bourbonkings.eu\/lt\/#organization","name":"Bourbon Kings","url":"https:\/\/bourbonkings.eu\/lt\/","logo":{"@type":"ImageObject","inLanguage":"lt-LT","@id":"https:\/\/bourbonkings.eu\/lt\/#\/schema\/logo\/image\/","url":"https:\/\/bourbonkings.eu\/wp-content\/uploads\/2024\/06\/bk-logo-e1719341491876.png","contentUrl":"https:\/\/bourbonkings.eu\/wp-content\/uploads\/2024\/06\/bk-logo-e1719341491876.png","width":300,"height":170,"caption":"Bourbon Kings"},"image":{"@id":"https:\/\/bourbonkings.eu\/lt\/#\/schema\/logo\/image\/"}}]}},"jetpack_sharing_enabled":true,"_links":{"self":[{"href":"https:\/\/bourbonkings.eu\/lt\/wp-json\/wp\/v2\/pages\/621"}],"collection":[{"href":"https:\/\/bourbonkings.eu\/lt\/wp-json\/wp\/v2\/pages"}],"about":[{"href":"https:\/\/bourbonkings.eu\/lt\/wp-json\/wp\/v2\/types\/page"}],"author":[{"embeddable":true,"href":"https:\/\/bourbonkings.eu\/lt\/wp-json\/wp\/v2\/users\/16"}],"replies":[{"embeddable":true,"href":"https:\/\/bourbonkings.eu\/lt\/wp-json\/wp\/v2\/comments?post=621"}],"version-history":[{"count":0,"href":"https:\/\/bourbonkings.eu\/lt\/wp-json\/wp\/v2\/pages\/621\/revisions"}],"wp:attachment":[{"href":"https:\/\/bourbonkings.eu\/lt\/wp-json\/wp\/v2\/media?parent=621"}],"curies":[{"name":"wp","href":"https:\/\/api.w.org\/{rel}","templated":true}]}}