{"id":1247,"date":"2024-10-16T15:12:06","date_gmt":"2024-10-16T12:12:06","guid":{"rendered":"https:\/\/bourbonkings.eu\/product\/woodford-reserve-rye\/"},"modified":"2024-11-19T09:12:40","modified_gmt":"2024-11-19T07:12:40","slug":"woodford-reserve-rye","status":"publish","type":"product","link":"https:\/\/bourbonkings.eu\/lt\/produktas\/woodford-reserve-rye\/","title":{"rendered":"Woodford Reserve Rye"},"content":{"rendered":"<p>&#8220;Woodford Reserve Rye&#8221; rugi\u0173 misoje naudojamas iki prohibicijos laik\u0173 vyrav\u0119s 53 % rugi\u0173 santykis, taip atiduodant duokl\u0119 pirmiesiems ruginiams viskiams, tod\u0117l tarp vaisi\u0173, g\u0117li\u0173 ir sald\u017ei\u0173j\u0173 aromat\u0173 vyrauja prieskoniai ir tabakas, kurie suteikia malon\u0173 saldum\u0105 ir bendr\u0105 pusiausvyr\u0105. M\u016bs\u0173 ruginis viskis gali suteikti sud\u0117ting\u0105 skon\u012f &#8211; grynas, su ledu ar kokteilyje. Subalansuotas ruginis kokteilis yra dar labiau subalansuotas.<\/p>\n<p>STIPRUMAS: 45,2 %<\/p>\n","protected":false},"excerpt":{"rendered":"<p>&#8220;Woodford Reserve Rye&#8221; rugi\u0173 misoje naudojamas iki prohibicijos laik\u0173 vyrav\u0119s 53 % rugi\u0173 santykis, taip atiduodant duokl\u0119 pirmiesiems ruginiams viskiams, tod\u0117l tarp vaisi\u0173, g\u0117li\u0173 ir sald\u017ei\u0173j\u0173 aromat\u0173 vyrauja prieskoniai ir&hellip;<\/p>\n","protected":false},"featured_media":1142,"comment_status":"closed","ping_status":"closed","template":"","meta":{"_price":"41.00","_stock":"2.000000","_tribe_ticket_header":"","_tribe_default_ticket_provider":"","_tribe_ticket_capacity":"2","_ticket_start_date":"","_ticket_end_date":"","_tribe_ticket_show_description":"","_tribe_ticket_show_not_going":false,"_tribe_ticket_use_global_stock":"","_tribe_ticket_global_stock_level":"","_global_stock_mode":"","_global_stock_cap":"","_tribe_rsvp_for_event":"","_tribe_ticket_going_count":"","_tribe_ticket_not_going_count":"","_tribe_tickets_list":"[]","_tribe_ticket_has_attendee_info_fields":false},"product_cat":[44,45],"product_tag":[],"class_list":{"0":"post-1247","1":"product","2":"type-product","3":"status-publish","4":"has-post-thumbnail","6":"product_cat-burbonas","7":"product_cat-kiti-gerimai","8":"product_shipping_class-ne-po-2000-pristatymas","9":"description-off","11":"first","12":"instock","13":"taxable","14":"shipping-taxable","15":"purchasable","16":"product-type-simple"},"yoast_head":"<!-- This site is optimized with the Yoast SEO plugin v23.5 - https:\/\/yoast.com\/wordpress\/plugins\/seo\/ -->\n<title>Woodford Reserve Rye - Bourbon Kings<\/title>\n<meta name=\"robots\" content=\"index, follow, max-snippet:-1, max-image-preview:large, max-video-preview:-1\" \/>\n<link rel=\"canonical\" href=\"https:\/\/bourbonkings.eu\/lt\/produktas\/woodford-reserve-rye\/\" \/>\n<meta property=\"og:locale\" content=\"lt_LT\" \/>\n<meta property=\"og:type\" content=\"article\" \/>\n<meta property=\"og:title\" content=\"Woodford Reserve Rye - Bourbon Kings\" \/>\n<meta property=\"og:description\" content=\"&#8220;Woodford Reserve Rye&#8221; rugi\u0173 misoje naudojamas iki prohibicijos laik\u0173 vyrav\u0119s 53 % rugi\u0173 santykis, taip atiduodant duokl\u0119 pirmiesiems\" \/>\n<meta property=\"og:url\" content=\"https:\/\/bourbonkings.eu\/lt\/produktas\/woodford-reserve-rye\/\" \/>\n<meta property=\"og:site_name\" content=\"Bourbon Kings\" \/>\n<meta property=\"article:modified_time\" content=\"2024-11-19T07:12:40+00:00\" \/>\n<meta property=\"og:image\" content=\"https:\/\/bourbonkings.eu\/wp-content\/uploads\/2024\/10\/woodford-reserve-kentucky-straight-rye-whiskey-452-2022-.png\" \/>\n\t<meta property=\"og:image:width\" content=\"800\" \/>\n\t<meta property=\"og:image:height\" content=\"800\" \/>\n\t<meta property=\"og:image:type\" content=\"image\/png\" \/>\n<meta name=\"twitter:card\" content=\"summary_large_image\" \/>\n<script type=\"application\/ld+json\" class=\"yoast-schema-graph\">{\"@context\":\"https:\/\/schema.org\",\"@graph\":[{\"@type\":\"WebPage\",\"@id\":\"https:\/\/bourbonkings.eu\/lt\/produktas\/woodford-reserve-rye\/\",\"url\":\"https:\/\/bourbonkings.eu\/lt\/produktas\/woodford-reserve-rye\/\",\"name\":\"Woodford Reserve Rye - Bourbon Kings\",\"isPartOf\":{\"@id\":\"https:\/\/bourbonkings.eu\/lt\/#website\"},\"primaryImageOfPage\":{\"@id\":\"https:\/\/bourbonkings.eu\/lt\/produktas\/woodford-reserve-rye\/#primaryimage\"},\"image\":{\"@id\":\"https:\/\/bourbonkings.eu\/lt\/produktas\/woodford-reserve-rye\/#primaryimage\"},\"thumbnailUrl\":\"https:\/\/bourbonkings.eu\/wp-content\/uploads\/2024\/10\/woodford-reserve-kentucky-straight-rye-whiskey-452-2022-.png\",\"datePublished\":\"2024-10-16T12:12:06+00:00\",\"dateModified\":\"2024-11-19T07:12:40+00:00\",\"breadcrumb\":{\"@id\":\"https:\/\/bourbonkings.eu\/lt\/produktas\/woodford-reserve-rye\/#breadcrumb\"},\"inLanguage\":\"lt-LT\",\"potentialAction\":[{\"@type\":\"ReadAction\",\"target\":[\"https:\/\/bourbonkings.eu\/lt\/produktas\/woodford-reserve-rye\/\"]}]},{\"@type\":\"ImageObject\",\"inLanguage\":\"lt-LT\",\"@id\":\"https:\/\/bourbonkings.eu\/lt\/produktas\/woodford-reserve-rye\/#primaryimage\",\"url\":\"https:\/\/bourbonkings.eu\/wp-content\/uploads\/2024\/10\/woodford-reserve-kentucky-straight-rye-whiskey-452-2022-.png\",\"contentUrl\":\"https:\/\/bourbonkings.eu\/wp-content\/uploads\/2024\/10\/woodford-reserve-kentucky-straight-rye-whiskey-452-2022-.png\",\"width\":800,\"height\":800},{\"@type\":\"BreadcrumbList\",\"@id\":\"https:\/\/bourbonkings.eu\/lt\/produktas\/woodford-reserve-rye\/#breadcrumb\",\"itemListElement\":[{\"@type\":\"ListItem\",\"position\":1,\"name\":\"Home\",\"item\":\"https:\/\/bourbonkings.eu\/lt\/\"},{\"@type\":\"ListItem\",\"position\":2,\"name\":\"Shop\",\"item\":\"https:\/\/bourbonkings.eu\/lt\/shop\/\"},{\"@type\":\"ListItem\",\"position\":3,\"name\":\"Woodford Reserve Rye\"}]},{\"@type\":\"WebSite\",\"@id\":\"https:\/\/bourbonkings.eu\/lt\/#website\",\"url\":\"https:\/\/bourbonkings.eu\/lt\/\",\"name\":\"Bourbon Kings\",\"description\":\"More Bourbon in More Places\",\"publisher\":{\"@id\":\"https:\/\/bourbonkings.eu\/lt\/#organization\"},\"potentialAction\":[{\"@type\":\"SearchAction\",\"target\":{\"@type\":\"EntryPoint\",\"urlTemplate\":\"https:\/\/bourbonkings.eu\/lt\/?s={search_term_string}\"},\"query-input\":{\"@type\":\"PropertyValueSpecification\",\"valueRequired\":true,\"valueName\":\"search_term_string\"}}],\"inLanguage\":\"lt-LT\"},{\"@type\":\"Organization\",\"@id\":\"https:\/\/bourbonkings.eu\/lt\/#organization\",\"name\":\"Bourbon Kings\",\"url\":\"https:\/\/bourbonkings.eu\/lt\/\",\"logo\":{\"@type\":\"ImageObject\",\"inLanguage\":\"lt-LT\",\"@id\":\"https:\/\/bourbonkings.eu\/lt\/#\/schema\/logo\/image\/\",\"url\":\"https:\/\/bourbonkings.eu\/wp-content\/uploads\/2024\/06\/bk-logo-e1719341491876.png\",\"contentUrl\":\"https:\/\/bourbonkings.eu\/wp-content\/uploads\/2024\/06\/bk-logo-e1719341491876.png\",\"width\":300,\"height\":170,\"caption\":\"Bourbon Kings\"},\"image\":{\"@id\":\"https:\/\/bourbonkings.eu\/lt\/#\/schema\/logo\/image\/\"}}]}<\/script>\n<!-- \/ Yoast SEO plugin. -->","yoast_head_json":{"title":"Woodford Reserve Rye - Bourbon Kings","robots":{"index":"index","follow":"follow","max-snippet":"max-snippet:-1","max-image-preview":"max-image-preview:large","max-video-preview":"max-video-preview:-1"},"canonical":"https:\/\/bourbonkings.eu\/lt\/produktas\/woodford-reserve-rye\/","og_locale":"lt_LT","og_type":"article","og_title":"Woodford Reserve Rye - Bourbon Kings","og_description":"&#8220;Woodford Reserve Rye&#8221; rugi\u0173 misoje naudojamas iki prohibicijos laik\u0173 vyrav\u0119s 53 % rugi\u0173 santykis, taip atiduodant duokl\u0119 pirmiesiems","og_url":"https:\/\/bourbonkings.eu\/lt\/produktas\/woodford-reserve-rye\/","og_site_name":"Bourbon Kings","article_modified_time":"2024-11-19T07:12:40+00:00","og_image":[{"width":800,"height":800,"url":"https:\/\/bourbonkings.eu\/wp-content\/uploads\/2024\/10\/woodford-reserve-kentucky-straight-rye-whiskey-452-2022-.png","type":"image\/png"}],"twitter_card":"summary_large_image","schema":{"@context":"https:\/\/schema.org","@graph":[{"@type":"WebPage","@id":"https:\/\/bourbonkings.eu\/lt\/produktas\/woodford-reserve-rye\/","url":"https:\/\/bourbonkings.eu\/lt\/produktas\/woodford-reserve-rye\/","name":"Woodford Reserve Rye - Bourbon Kings","isPartOf":{"@id":"https:\/\/bourbonkings.eu\/lt\/#website"},"primaryImageOfPage":{"@id":"https:\/\/bourbonkings.eu\/lt\/produktas\/woodford-reserve-rye\/#primaryimage"},"image":{"@id":"https:\/\/bourbonkings.eu\/lt\/produktas\/woodford-reserve-rye\/#primaryimage"},"thumbnailUrl":"https:\/\/bourbonkings.eu\/wp-content\/uploads\/2024\/10\/woodford-reserve-kentucky-straight-rye-whiskey-452-2022-.png","datePublished":"2024-10-16T12:12:06+00:00","dateModified":"2024-11-19T07:12:40+00:00","breadcrumb":{"@id":"https:\/\/bourbonkings.eu\/lt\/produktas\/woodford-reserve-rye\/#breadcrumb"},"inLanguage":"lt-LT","potentialAction":[{"@type":"ReadAction","target":["https:\/\/bourbonkings.eu\/lt\/produktas\/woodford-reserve-rye\/"]}]},{"@type":"ImageObject","inLanguage":"lt-LT","@id":"https:\/\/bourbonkings.eu\/lt\/produktas\/woodford-reserve-rye\/#primaryimage","url":"https:\/\/bourbonkings.eu\/wp-content\/uploads\/2024\/10\/woodford-reserve-kentucky-straight-rye-whiskey-452-2022-.png","contentUrl":"https:\/\/bourbonkings.eu\/wp-content\/uploads\/2024\/10\/woodford-reserve-kentucky-straight-rye-whiskey-452-2022-.png","width":800,"height":800},{"@type":"BreadcrumbList","@id":"https:\/\/bourbonkings.eu\/lt\/produktas\/woodford-reserve-rye\/#breadcrumb","itemListElement":[{"@type":"ListItem","position":1,"name":"Home","item":"https:\/\/bourbonkings.eu\/lt\/"},{"@type":"ListItem","position":2,"name":"Shop","item":"https:\/\/bourbonkings.eu\/lt\/shop\/"},{"@type":"ListItem","position":3,"name":"Woodford Reserve Rye"}]},{"@type":"WebSite","@id":"https:\/\/bourbonkings.eu\/lt\/#website","url":"https:\/\/bourbonkings.eu\/lt\/","name":"Bourbon Kings","description":"More Bourbon in More Places","publisher":{"@id":"https:\/\/bourbonkings.eu\/lt\/#organization"},"potentialAction":[{"@type":"SearchAction","target":{"@type":"EntryPoint","urlTemplate":"https:\/\/bourbonkings.eu\/lt\/?s={search_term_string}"},"query-input":{"@type":"PropertyValueSpecification","valueRequired":true,"valueName":"search_term_string"}}],"inLanguage":"lt-LT"},{"@type":"Organization","@id":"https:\/\/bourbonkings.eu\/lt\/#organization","name":"Bourbon Kings","url":"https:\/\/bourbonkings.eu\/lt\/","logo":{"@type":"ImageObject","inLanguage":"lt-LT","@id":"https:\/\/bourbonkings.eu\/lt\/#\/schema\/logo\/image\/","url":"https:\/\/bourbonkings.eu\/wp-content\/uploads\/2024\/06\/bk-logo-e1719341491876.png","contentUrl":"https:\/\/bourbonkings.eu\/wp-content\/uploads\/2024\/06\/bk-logo-e1719341491876.png","width":300,"height":170,"caption":"Bourbon Kings"},"image":{"@id":"https:\/\/bourbonkings.eu\/lt\/#\/schema\/logo\/image\/"}}]}},"jetpack_sharing_enabled":true,"tiered_pricing_type":"fixed","tiered_pricing_fixed_rules":[],"tiered_pricing_product_settings":{"layout":"default","base_unit_name":{"singular":null,"plural":null},"default_variation":null},"tiered_pricing_minimum_quantity":1,"tiered_pricing_roles_data":[],"tiered_pricing_percentage_rules":[],"tiered_pricing_maximum_quantity":null,"tiered_pricing_quantity_step":null,"_links":{"self":[{"href":"https:\/\/bourbonkings.eu\/lt\/wp-json\/wp\/v2\/product\/1247"}],"collection":[{"href":"https:\/\/bourbonkings.eu\/lt\/wp-json\/wp\/v2\/product"}],"about":[{"href":"https:\/\/bourbonkings.eu\/lt\/wp-json\/wp\/v2\/types\/product"}],"replies":[{"embeddable":true,"href":"https:\/\/bourbonkings.eu\/lt\/wp-json\/wp\/v2\/comments?post=1247"}],"wp:featuredmedia":[{"embeddable":true,"href":"https:\/\/bourbonkings.eu\/lt\/wp-json\/wp\/v2\/media\/1142"}],"wp:attachment":[{"href":"https:\/\/bourbonkings.eu\/lt\/wp-json\/wp\/v2\/media?parent=1247"}],"wp:term":[{"taxonomy":"product_cat","embeddable":true,"href":"https:\/\/bourbonkings.eu\/lt\/wp-json\/wp\/v2\/product_cat?post=1247"},{"taxonomy":"product_tag","embeddable":true,"href":"https:\/\/bourbonkings.eu\/lt\/wp-json\/wp\/v2\/product_tag?post=1247"}],"curies":[{"name":"wp","href":"https:\/\/api.w.org\/{rel}","templated":true}]}}