{"id":1329,"date":"2024-05-23T16:35:33","date_gmt":"2024-05-23T13:35:33","guid":{"rendered":"https:\/\/bourbonkings.eu\/product\/muhlenberg-kentucky-bourbon-whiskey\/"},"modified":"2024-05-23T16:35:33","modified_gmt":"2024-05-23T13:35:33","slug":"muhlenberg-kentucky-bourbon-whiskey","status":"publish","type":"product","link":"https:\/\/bourbonkings.eu\/lt\/produktas\/muhlenberg-kentucky-bourbon-whiskey\/","title":{"rendered":"Muhlenberg Kentucky Bourbon Whiskey"},"content":{"rendered":"<p>Distiliuotas, brandintas ir i\u0161pilstytas \u012f butelius ant kalvos, nuo kurios atsiveria vaizdas \u012f ma\u017e\u0105 kalnakasi\u0173 miestel\u012f Graham, \u0161is rank\u0173 darbo spiritas kelis sezonus praleido tamsoje, laukdamas, kol bus i\u0161trauktas ir pristatytas pasauliui. \u012e butel\u012f, kur\u012f laikote rankose, \u012fd\u0117ta daug sunkaus darbo, ir mes nenor\u0117tume, kad b\u016bt\u0173 kitaip. Tai &#8211; M\u0117lynbarzd\u017eio dvasia.<\/p>\n<p>ALK. T\u016aRIO PROC. : 52,5 % ALK. T\u016aRIO<\/p>\n<p>\u012eRODYMAS: 105<\/p>\n<p>DYDIS: 700ML<\/p>\n<p>Gr\u016bd\u0173 mi\u0161inys: Kukur\u016bzai, kvie\u010diai, salykliniai mie\u017eiai.<\/p>\n<p>Degustacijos pastabos: Naujos gamybos viskiui, turin\u010diam auk\u0161t\u0105 alkoholio koncentracij\u0105, b\u016bdingas steb\u0117tinas \u0161velnumas. Gausaus skonio ir saldus.<\/p>\n","protected":false},"excerpt":{"rendered":"<p>Distiliuotas, brandintas ir i\u0161pilstytas \u012f butelius ant kalvos, nuo kurios atsiveria vaizdas \u012f ma\u017e\u0105 kalnakasi\u0173 miestel\u012f Graham, \u0161is rank\u0173 darbo spiritas kelis sezonus praleido tamsoje, laukdamas, kol bus i\u0161trauktas ir&hellip;<\/p>\n","protected":false},"featured_media":696,"comment_status":"closed","ping_status":"closed","template":"","meta":{"_price":"55","_stock":"59.000000","_tribe_ticket_header":"","_tribe_default_ticket_provider":"","_tribe_ticket_capacity":"66","_ticket_start_date":"","_ticket_end_date":"","_tribe_ticket_show_description":"","_tribe_ticket_show_not_going":false,"_tribe_ticket_use_global_stock":"","_tribe_ticket_global_stock_level":"","_global_stock_mode":"","_global_stock_cap":"","_tribe_rsvp_for_event":"","_tribe_ticket_going_count":"","_tribe_ticket_not_going_count":"","_tribe_tickets_list":"[]","_tribe_ticket_has_attendee_info_fields":false},"product_cat":[44,48],"product_tag":[],"class_list":{"0":"post-1329","1":"product","2":"type-product","3":"status-publish","4":"has-post-thumbnail","6":"product_cat-burbonas","7":"product_cat-kraftinis-burbonas","8":"product_shipping_class-ne-po-2000-pristatymas","9":"description-off","11":"first","12":"instock","13":"taxable","14":"shipping-taxable","15":"purchasable","16":"product-type-simple"},"yoast_head":"<!-- This site is optimized with the Yoast SEO plugin v23.5 - https:\/\/yoast.com\/wordpress\/plugins\/seo\/ -->\n<title>Muhlenberg Kentucky Bourbon Whiskey - Bourbon Kings<\/title>\n<meta name=\"robots\" content=\"index, follow, max-snippet:-1, max-image-preview:large, max-video-preview:-1\" \/>\n<link rel=\"canonical\" href=\"https:\/\/bourbonkings.eu\/lt\/produktas\/muhlenberg-kentucky-bourbon-whiskey\/\" \/>\n<meta property=\"og:locale\" content=\"lt_LT\" \/>\n<meta property=\"og:type\" content=\"article\" \/>\n<meta property=\"og:title\" content=\"Muhlenberg Kentucky Bourbon Whiskey - Bourbon Kings\" \/>\n<meta property=\"og:description\" content=\"Distiliuotas, brandintas ir i\u0161pilstytas \u012f butelius ant kalvos, nuo kurios atsiveria vaizdas \u012f ma\u017e\u0105 kalnakasi\u0173 miestel\u012f Graham, \u0161is rank\u0173 darb\" \/>\n<meta property=\"og:url\" content=\"https:\/\/bourbonkings.eu\/lt\/produktas\/muhlenberg-kentucky-bourbon-whiskey\/\" \/>\n<meta property=\"og:site_name\" content=\"Bourbon Kings\" \/>\n<meta property=\"og:image\" content=\"https:\/\/bourbonkings.eu\/wp-content\/uploads\/2024\/05\/BARD_BLACK-1-422x1024.png\" \/>\n\t<meta property=\"og:image:width\" content=\"422\" \/>\n\t<meta property=\"og:image:height\" content=\"1024\" \/>\n\t<meta property=\"og:image:type\" content=\"image\/png\" \/>\n<meta name=\"twitter:card\" content=\"summary_large_image\" \/>\n<script type=\"application\/ld+json\" class=\"yoast-schema-graph\">{\"@context\":\"https:\/\/schema.org\",\"@graph\":[{\"@type\":\"WebPage\",\"@id\":\"https:\/\/bourbonkings.eu\/lt\/produktas\/muhlenberg-kentucky-bourbon-whiskey\/\",\"url\":\"https:\/\/bourbonkings.eu\/lt\/produktas\/muhlenberg-kentucky-bourbon-whiskey\/\",\"name\":\"Muhlenberg Kentucky Bourbon Whiskey - Bourbon Kings\",\"isPartOf\":{\"@id\":\"https:\/\/bourbonkings.eu\/lt\/#website\"},\"primaryImageOfPage\":{\"@id\":\"https:\/\/bourbonkings.eu\/lt\/produktas\/muhlenberg-kentucky-bourbon-whiskey\/#primaryimage\"},\"image\":{\"@id\":\"https:\/\/bourbonkings.eu\/lt\/produktas\/muhlenberg-kentucky-bourbon-whiskey\/#primaryimage\"},\"thumbnailUrl\":\"https:\/\/bourbonkings.eu\/wp-content\/uploads\/2024\/05\/BARD_BLACK-1.png\",\"datePublished\":\"2024-05-23T13:35:33+00:00\",\"dateModified\":\"2024-05-23T13:35:33+00:00\",\"breadcrumb\":{\"@id\":\"https:\/\/bourbonkings.eu\/lt\/produktas\/muhlenberg-kentucky-bourbon-whiskey\/#breadcrumb\"},\"inLanguage\":\"lt-LT\",\"potentialAction\":[{\"@type\":\"ReadAction\",\"target\":[\"https:\/\/bourbonkings.eu\/lt\/produktas\/muhlenberg-kentucky-bourbon-whiskey\/\"]}]},{\"@type\":\"ImageObject\",\"inLanguage\":\"lt-LT\",\"@id\":\"https:\/\/bourbonkings.eu\/lt\/produktas\/muhlenberg-kentucky-bourbon-whiskey\/#primaryimage\",\"url\":\"https:\/\/bourbonkings.eu\/wp-content\/uploads\/2024\/05\/BARD_BLACK-1.png\",\"contentUrl\":\"https:\/\/bourbonkings.eu\/wp-content\/uploads\/2024\/05\/BARD_BLACK-1.png\",\"width\":1237,\"height\":3000},{\"@type\":\"BreadcrumbList\",\"@id\":\"https:\/\/bourbonkings.eu\/lt\/produktas\/muhlenberg-kentucky-bourbon-whiskey\/#breadcrumb\",\"itemListElement\":[{\"@type\":\"ListItem\",\"position\":1,\"name\":\"Home\",\"item\":\"https:\/\/bourbonkings.eu\/lt\/\"},{\"@type\":\"ListItem\",\"position\":2,\"name\":\"Shop\",\"item\":\"https:\/\/bourbonkings.eu\/lt\/shop\/\"},{\"@type\":\"ListItem\",\"position\":3,\"name\":\"Muhlenberg Kentucky Bourbon Whiskey\"}]},{\"@type\":\"WebSite\",\"@id\":\"https:\/\/bourbonkings.eu\/lt\/#website\",\"url\":\"https:\/\/bourbonkings.eu\/lt\/\",\"name\":\"Bourbon Kings\",\"description\":\"More Bourbon in More Places\",\"publisher\":{\"@id\":\"https:\/\/bourbonkings.eu\/lt\/#organization\"},\"potentialAction\":[{\"@type\":\"SearchAction\",\"target\":{\"@type\":\"EntryPoint\",\"urlTemplate\":\"https:\/\/bourbonkings.eu\/lt\/?s={search_term_string}\"},\"query-input\":{\"@type\":\"PropertyValueSpecification\",\"valueRequired\":true,\"valueName\":\"search_term_string\"}}],\"inLanguage\":\"lt-LT\"},{\"@type\":\"Organization\",\"@id\":\"https:\/\/bourbonkings.eu\/lt\/#organization\",\"name\":\"Bourbon Kings\",\"url\":\"https:\/\/bourbonkings.eu\/lt\/\",\"logo\":{\"@type\":\"ImageObject\",\"inLanguage\":\"lt-LT\",\"@id\":\"https:\/\/bourbonkings.eu\/lt\/#\/schema\/logo\/image\/\",\"url\":\"https:\/\/bourbonkings.eu\/wp-content\/uploads\/2024\/06\/bk-logo-e1719341491876.png\",\"contentUrl\":\"https:\/\/bourbonkings.eu\/wp-content\/uploads\/2024\/06\/bk-logo-e1719341491876.png\",\"width\":300,\"height\":170,\"caption\":\"Bourbon Kings\"},\"image\":{\"@id\":\"https:\/\/bourbonkings.eu\/lt\/#\/schema\/logo\/image\/\"}}]}<\/script>\n<!-- \/ Yoast SEO plugin. -->","yoast_head_json":{"title":"Muhlenberg Kentucky Bourbon Whiskey - Bourbon Kings","robots":{"index":"index","follow":"follow","max-snippet":"max-snippet:-1","max-image-preview":"max-image-preview:large","max-video-preview":"max-video-preview:-1"},"canonical":"https:\/\/bourbonkings.eu\/lt\/produktas\/muhlenberg-kentucky-bourbon-whiskey\/","og_locale":"lt_LT","og_type":"article","og_title":"Muhlenberg Kentucky Bourbon Whiskey - Bourbon Kings","og_description":"Distiliuotas, brandintas ir i\u0161pilstytas \u012f butelius ant kalvos, nuo kurios atsiveria vaizdas \u012f ma\u017e\u0105 kalnakasi\u0173 miestel\u012f Graham, \u0161is rank\u0173 darb","og_url":"https:\/\/bourbonkings.eu\/lt\/produktas\/muhlenberg-kentucky-bourbon-whiskey\/","og_site_name":"Bourbon Kings","og_image":[{"width":422,"height":1024,"url":"https:\/\/bourbonkings.eu\/wp-content\/uploads\/2024\/05\/BARD_BLACK-1-422x1024.png","type":"image\/png"}],"twitter_card":"summary_large_image","schema":{"@context":"https:\/\/schema.org","@graph":[{"@type":"WebPage","@id":"https:\/\/bourbonkings.eu\/lt\/produktas\/muhlenberg-kentucky-bourbon-whiskey\/","url":"https:\/\/bourbonkings.eu\/lt\/produktas\/muhlenberg-kentucky-bourbon-whiskey\/","name":"Muhlenberg Kentucky Bourbon Whiskey - Bourbon Kings","isPartOf":{"@id":"https:\/\/bourbonkings.eu\/lt\/#website"},"primaryImageOfPage":{"@id":"https:\/\/bourbonkings.eu\/lt\/produktas\/muhlenberg-kentucky-bourbon-whiskey\/#primaryimage"},"image":{"@id":"https:\/\/bourbonkings.eu\/lt\/produktas\/muhlenberg-kentucky-bourbon-whiskey\/#primaryimage"},"thumbnailUrl":"https:\/\/bourbonkings.eu\/wp-content\/uploads\/2024\/05\/BARD_BLACK-1.png","datePublished":"2024-05-23T13:35:33+00:00","dateModified":"2024-05-23T13:35:33+00:00","breadcrumb":{"@id":"https:\/\/bourbonkings.eu\/lt\/produktas\/muhlenberg-kentucky-bourbon-whiskey\/#breadcrumb"},"inLanguage":"lt-LT","potentialAction":[{"@type":"ReadAction","target":["https:\/\/bourbonkings.eu\/lt\/produktas\/muhlenberg-kentucky-bourbon-whiskey\/"]}]},{"@type":"ImageObject","inLanguage":"lt-LT","@id":"https:\/\/bourbonkings.eu\/lt\/produktas\/muhlenberg-kentucky-bourbon-whiskey\/#primaryimage","url":"https:\/\/bourbonkings.eu\/wp-content\/uploads\/2024\/05\/BARD_BLACK-1.png","contentUrl":"https:\/\/bourbonkings.eu\/wp-content\/uploads\/2024\/05\/BARD_BLACK-1.png","width":1237,"height":3000},{"@type":"BreadcrumbList","@id":"https:\/\/bourbonkings.eu\/lt\/produktas\/muhlenberg-kentucky-bourbon-whiskey\/#breadcrumb","itemListElement":[{"@type":"ListItem","position":1,"name":"Home","item":"https:\/\/bourbonkings.eu\/lt\/"},{"@type":"ListItem","position":2,"name":"Shop","item":"https:\/\/bourbonkings.eu\/lt\/shop\/"},{"@type":"ListItem","position":3,"name":"Muhlenberg Kentucky Bourbon Whiskey"}]},{"@type":"WebSite","@id":"https:\/\/bourbonkings.eu\/lt\/#website","url":"https:\/\/bourbonkings.eu\/lt\/","name":"Bourbon Kings","description":"More Bourbon in More Places","publisher":{"@id":"https:\/\/bourbonkings.eu\/lt\/#organization"},"potentialAction":[{"@type":"SearchAction","target":{"@type":"EntryPoint","urlTemplate":"https:\/\/bourbonkings.eu\/lt\/?s={search_term_string}"},"query-input":{"@type":"PropertyValueSpecification","valueRequired":true,"valueName":"search_term_string"}}],"inLanguage":"lt-LT"},{"@type":"Organization","@id":"https:\/\/bourbonkings.eu\/lt\/#organization","name":"Bourbon Kings","url":"https:\/\/bourbonkings.eu\/lt\/","logo":{"@type":"ImageObject","inLanguage":"lt-LT","@id":"https:\/\/bourbonkings.eu\/lt\/#\/schema\/logo\/image\/","url":"https:\/\/bourbonkings.eu\/wp-content\/uploads\/2024\/06\/bk-logo-e1719341491876.png","contentUrl":"https:\/\/bourbonkings.eu\/wp-content\/uploads\/2024\/06\/bk-logo-e1719341491876.png","width":300,"height":170,"caption":"Bourbon Kings"},"image":{"@id":"https:\/\/bourbonkings.eu\/lt\/#\/schema\/logo\/image\/"}}]}},"jetpack_sharing_enabled":true,"tiered_pricing_type":"fixed","tiered_pricing_fixed_rules":[],"tiered_pricing_product_settings":{"layout":"default","base_unit_name":{"singular":null,"plural":null},"default_variation":null},"tiered_pricing_minimum_quantity":1,"tiered_pricing_roles_data":[],"tiered_pricing_percentage_rules":[],"tiered_pricing_maximum_quantity":null,"tiered_pricing_quantity_step":null,"_links":{"self":[{"href":"https:\/\/bourbonkings.eu\/lt\/wp-json\/wp\/v2\/product\/1329"}],"collection":[{"href":"https:\/\/bourbonkings.eu\/lt\/wp-json\/wp\/v2\/product"}],"about":[{"href":"https:\/\/bourbonkings.eu\/lt\/wp-json\/wp\/v2\/types\/product"}],"replies":[{"embeddable":true,"href":"https:\/\/bourbonkings.eu\/lt\/wp-json\/wp\/v2\/comments?post=1329"}],"wp:featuredmedia":[{"embeddable":true,"href":"https:\/\/bourbonkings.eu\/lt\/wp-json\/wp\/v2\/media\/696"}],"wp:attachment":[{"href":"https:\/\/bourbonkings.eu\/lt\/wp-json\/wp\/v2\/media?parent=1329"}],"wp:term":[{"taxonomy":"product_cat","embeddable":true,"href":"https:\/\/bourbonkings.eu\/lt\/wp-json\/wp\/v2\/product_cat?post=1329"},{"taxonomy":"product_tag","embeddable":true,"href":"https:\/\/bourbonkings.eu\/lt\/wp-json\/wp\/v2\/product_tag?post=1329"}],"curies":[{"name":"wp","href":"https:\/\/api.w.org\/{rel}","templated":true}]}}