{"id":1330,"date":"2024-02-12T23:29:33","date_gmt":"2024-02-12T21:29:33","guid":{"rendered":"https:\/\/bourbonkings.eu\/product\/casey-jones-black-label-mash-bill-2\/"},"modified":"2024-02-12T23:29:33","modified_gmt":"2024-02-12T21:29:33","slug":"casey-jones-black-label-mash-bill-2","status":"publish","type":"product","link":"https:\/\/bourbonkings.eu\/lt\/produktas\/casey-jones-black-label-mash-bill-2\/","title":{"rendered":"Casey Jones &#8211; Black Label &#8211; Mash Bill #2"},"content":{"rendered":"<h3><strong>PATIRTIS:<\/strong><\/h3>\n<pre>Bourbon Mash Bill 2 is aimed at the bourbon serious. This perfect balance of Kentucky corn, rye, and malted barley creates a lovely, lively expression that hits all the right notes. Sip Mash Bill 2 neat, or use as the basis of any bourbon forward cocktail.<\/pre>\n<h3>MASH BILL:<\/h3>\n<pre>80% YELLOW DENT CORN\n16% RYE\n4% MALTED BARLEY<\/pre>\n<h3>SKONIO PASTABOS:<\/h3>\n<p><strong>NOSIS: <\/strong>SKIRTINGA BANAN\u0172 RIE\u0160UT\u0172 DUONA<br \/>\n<strong>K\u016aNAS: <\/strong>MINK\u0160TAS SKONIS, \u0104\u017dUOLO SKONIS SU PUSIAU SALD\u017dIA SALYKLO KARAMELE IR \u0160OKOLADU<br \/>\n<strong>PABAIGA<\/strong>: ILGAI I\u0160LIEKANTIS RUGINIS PRIESKONIS.<\/p>\n","protected":false},"excerpt":{"rendered":"<p>PATIRTIS: Bourbon Mash Bill 2 is aimed at the bourbon serious. This perfect balance of Kentucky corn, rye, and malted barley creates a lovely, lively expression that hits all the&hellip;<\/p>\n","protected":false},"featured_media":669,"comment_status":"closed","ping_status":"closed","template":"","meta":{"_price":"60","_stock":"12.000000","_tribe_ticket_header":"","_tribe_default_ticket_provider":"","_tribe_ticket_capacity":"23","_ticket_start_date":"","_ticket_end_date":"","_tribe_ticket_show_description":"","_tribe_ticket_show_not_going":false,"_tribe_ticket_use_global_stock":"","_tribe_ticket_global_stock_level":"","_global_stock_mode":"","_global_stock_cap":"","_tribe_rsvp_for_event":"","_tribe_ticket_going_count":"","_tribe_ticket_not_going_count":"","_tribe_tickets_list":"[]","_tribe_ticket_has_attendee_info_fields":false},"product_cat":[44,48],"product_tag":[],"class_list":{"0":"post-1330","1":"product","2":"type-product","3":"status-publish","4":"has-post-thumbnail","6":"product_cat-burbonas","7":"product_cat-kraftinis-burbonas","8":"product_shipping_class-ne-po-2000-pristatymas","9":"description-off","11":"first","12":"instock","13":"taxable","14":"shipping-taxable","15":"purchasable","16":"product-type-simple"},"yoast_head":"<!-- This site is optimized with the Yoast SEO plugin v23.5 - https:\/\/yoast.com\/wordpress\/plugins\/seo\/ -->\n<title>Casey Jones - Black Label - Mash Bill #2 - Bourbon Kings<\/title>\n<meta name=\"robots\" content=\"index, follow, max-snippet:-1, max-image-preview:large, max-video-preview:-1\" \/>\n<link rel=\"canonical\" href=\"https:\/\/bourbonkings.eu\/lt\/produktas\/casey-jones-black-label-mash-bill-2\/\" \/>\n<meta property=\"og:locale\" content=\"lt_LT\" \/>\n<meta property=\"og:type\" content=\"article\" \/>\n<meta property=\"og:title\" content=\"Casey Jones - Black Label - Mash Bill #2 - Bourbon Kings\" \/>\n<meta property=\"og:description\" content=\"PATIRTIS: Bourbon Mash Bill 2 is aimed at the bourbon serious. This perfect balance of Kentucky corn, rye, and malted barley creates a lovely, lively\" \/>\n<meta property=\"og:url\" content=\"https:\/\/bourbonkings.eu\/lt\/produktas\/casey-jones-black-label-mash-bill-2\/\" \/>\n<meta property=\"og:site_name\" content=\"Bourbon Kings\" \/>\n<meta property=\"og:image\" content=\"https:\/\/bourbonkings.eu\/wp-content\/uploads\/2024\/06\/blackcj-432x1024.png\" \/>\n\t<meta property=\"og:image:width\" content=\"432\" \/>\n\t<meta property=\"og:image:height\" content=\"1024\" \/>\n\t<meta property=\"og:image:type\" content=\"image\/png\" \/>\n<meta name=\"twitter:card\" content=\"summary_large_image\" \/>\n<script type=\"application\/ld+json\" class=\"yoast-schema-graph\">{\"@context\":\"https:\/\/schema.org\",\"@graph\":[{\"@type\":\"WebPage\",\"@id\":\"https:\/\/bourbonkings.eu\/lt\/produktas\/casey-jones-black-label-mash-bill-2\/\",\"url\":\"https:\/\/bourbonkings.eu\/lt\/produktas\/casey-jones-black-label-mash-bill-2\/\",\"name\":\"Casey Jones - Black Label - Mash Bill #2 - Bourbon Kings\",\"isPartOf\":{\"@id\":\"https:\/\/bourbonkings.eu\/lt\/#website\"},\"primaryImageOfPage\":{\"@id\":\"https:\/\/bourbonkings.eu\/lt\/produktas\/casey-jones-black-label-mash-bill-2\/#primaryimage\"},\"image\":{\"@id\":\"https:\/\/bourbonkings.eu\/lt\/produktas\/casey-jones-black-label-mash-bill-2\/#primaryimage\"},\"thumbnailUrl\":\"https:\/\/bourbonkings.eu\/wp-content\/uploads\/2024\/06\/blackcj.png\",\"datePublished\":\"2024-02-12T21:29:33+00:00\",\"dateModified\":\"2024-02-12T21:29:33+00:00\",\"breadcrumb\":{\"@id\":\"https:\/\/bourbonkings.eu\/lt\/produktas\/casey-jones-black-label-mash-bill-2\/#breadcrumb\"},\"inLanguage\":\"lt-LT\",\"potentialAction\":[{\"@type\":\"ReadAction\",\"target\":[\"https:\/\/bourbonkings.eu\/lt\/produktas\/casey-jones-black-label-mash-bill-2\/\"]}]},{\"@type\":\"ImageObject\",\"inLanguage\":\"lt-LT\",\"@id\":\"https:\/\/bourbonkings.eu\/lt\/produktas\/casey-jones-black-label-mash-bill-2\/#primaryimage\",\"url\":\"https:\/\/bourbonkings.eu\/wp-content\/uploads\/2024\/06\/blackcj.png\",\"contentUrl\":\"https:\/\/bourbonkings.eu\/wp-content\/uploads\/2024\/06\/blackcj.png\",\"width\":1666,\"height\":3952},{\"@type\":\"BreadcrumbList\",\"@id\":\"https:\/\/bourbonkings.eu\/lt\/produktas\/casey-jones-black-label-mash-bill-2\/#breadcrumb\",\"itemListElement\":[{\"@type\":\"ListItem\",\"position\":1,\"name\":\"Home\",\"item\":\"https:\/\/bourbonkings.eu\/lt\/\"},{\"@type\":\"ListItem\",\"position\":2,\"name\":\"Shop\",\"item\":\"https:\/\/bourbonkings.eu\/lt\/shop\/\"},{\"@type\":\"ListItem\",\"position\":3,\"name\":\"Casey Jones &#8211; Black Label &#8211; Mash Bill #2\"}]},{\"@type\":\"WebSite\",\"@id\":\"https:\/\/bourbonkings.eu\/lt\/#website\",\"url\":\"https:\/\/bourbonkings.eu\/lt\/\",\"name\":\"Bourbon Kings\",\"description\":\"More Bourbon in More Places\",\"publisher\":{\"@id\":\"https:\/\/bourbonkings.eu\/lt\/#organization\"},\"potentialAction\":[{\"@type\":\"SearchAction\",\"target\":{\"@type\":\"EntryPoint\",\"urlTemplate\":\"https:\/\/bourbonkings.eu\/lt\/?s={search_term_string}\"},\"query-input\":{\"@type\":\"PropertyValueSpecification\",\"valueRequired\":true,\"valueName\":\"search_term_string\"}}],\"inLanguage\":\"lt-LT\"},{\"@type\":\"Organization\",\"@id\":\"https:\/\/bourbonkings.eu\/lt\/#organization\",\"name\":\"Bourbon Kings\",\"url\":\"https:\/\/bourbonkings.eu\/lt\/\",\"logo\":{\"@type\":\"ImageObject\",\"inLanguage\":\"lt-LT\",\"@id\":\"https:\/\/bourbonkings.eu\/lt\/#\/schema\/logo\/image\/\",\"url\":\"https:\/\/bourbonkings.eu\/wp-content\/uploads\/2024\/06\/bk-logo-e1719341491876.png\",\"contentUrl\":\"https:\/\/bourbonkings.eu\/wp-content\/uploads\/2024\/06\/bk-logo-e1719341491876.png\",\"width\":300,\"height\":170,\"caption\":\"Bourbon Kings\"},\"image\":{\"@id\":\"https:\/\/bourbonkings.eu\/lt\/#\/schema\/logo\/image\/\"}}]}<\/script>\n<!-- \/ Yoast SEO plugin. -->","yoast_head_json":{"title":"Casey Jones - Black Label - Mash Bill #2 - Bourbon Kings","robots":{"index":"index","follow":"follow","max-snippet":"max-snippet:-1","max-image-preview":"max-image-preview:large","max-video-preview":"max-video-preview:-1"},"canonical":"https:\/\/bourbonkings.eu\/lt\/produktas\/casey-jones-black-label-mash-bill-2\/","og_locale":"lt_LT","og_type":"article","og_title":"Casey Jones - Black Label - Mash Bill #2 - Bourbon Kings","og_description":"PATIRTIS: Bourbon Mash Bill 2 is aimed at the bourbon serious. This perfect balance of Kentucky corn, rye, and malted barley creates a lovely, lively","og_url":"https:\/\/bourbonkings.eu\/lt\/produktas\/casey-jones-black-label-mash-bill-2\/","og_site_name":"Bourbon Kings","og_image":[{"width":432,"height":1024,"url":"https:\/\/bourbonkings.eu\/wp-content\/uploads\/2024\/06\/blackcj-432x1024.png","type":"image\/png"}],"twitter_card":"summary_large_image","schema":{"@context":"https:\/\/schema.org","@graph":[{"@type":"WebPage","@id":"https:\/\/bourbonkings.eu\/lt\/produktas\/casey-jones-black-label-mash-bill-2\/","url":"https:\/\/bourbonkings.eu\/lt\/produktas\/casey-jones-black-label-mash-bill-2\/","name":"Casey Jones - Black Label - Mash Bill #2 - Bourbon Kings","isPartOf":{"@id":"https:\/\/bourbonkings.eu\/lt\/#website"},"primaryImageOfPage":{"@id":"https:\/\/bourbonkings.eu\/lt\/produktas\/casey-jones-black-label-mash-bill-2\/#primaryimage"},"image":{"@id":"https:\/\/bourbonkings.eu\/lt\/produktas\/casey-jones-black-label-mash-bill-2\/#primaryimage"},"thumbnailUrl":"https:\/\/bourbonkings.eu\/wp-content\/uploads\/2024\/06\/blackcj.png","datePublished":"2024-02-12T21:29:33+00:00","dateModified":"2024-02-12T21:29:33+00:00","breadcrumb":{"@id":"https:\/\/bourbonkings.eu\/lt\/produktas\/casey-jones-black-label-mash-bill-2\/#breadcrumb"},"inLanguage":"lt-LT","potentialAction":[{"@type":"ReadAction","target":["https:\/\/bourbonkings.eu\/lt\/produktas\/casey-jones-black-label-mash-bill-2\/"]}]},{"@type":"ImageObject","inLanguage":"lt-LT","@id":"https:\/\/bourbonkings.eu\/lt\/produktas\/casey-jones-black-label-mash-bill-2\/#primaryimage","url":"https:\/\/bourbonkings.eu\/wp-content\/uploads\/2024\/06\/blackcj.png","contentUrl":"https:\/\/bourbonkings.eu\/wp-content\/uploads\/2024\/06\/blackcj.png","width":1666,"height":3952},{"@type":"BreadcrumbList","@id":"https:\/\/bourbonkings.eu\/lt\/produktas\/casey-jones-black-label-mash-bill-2\/#breadcrumb","itemListElement":[{"@type":"ListItem","position":1,"name":"Home","item":"https:\/\/bourbonkings.eu\/lt\/"},{"@type":"ListItem","position":2,"name":"Shop","item":"https:\/\/bourbonkings.eu\/lt\/shop\/"},{"@type":"ListItem","position":3,"name":"Casey Jones &#8211; Black Label &#8211; Mash Bill #2"}]},{"@type":"WebSite","@id":"https:\/\/bourbonkings.eu\/lt\/#website","url":"https:\/\/bourbonkings.eu\/lt\/","name":"Bourbon Kings","description":"More Bourbon in More Places","publisher":{"@id":"https:\/\/bourbonkings.eu\/lt\/#organization"},"potentialAction":[{"@type":"SearchAction","target":{"@type":"EntryPoint","urlTemplate":"https:\/\/bourbonkings.eu\/lt\/?s={search_term_string}"},"query-input":{"@type":"PropertyValueSpecification","valueRequired":true,"valueName":"search_term_string"}}],"inLanguage":"lt-LT"},{"@type":"Organization","@id":"https:\/\/bourbonkings.eu\/lt\/#organization","name":"Bourbon Kings","url":"https:\/\/bourbonkings.eu\/lt\/","logo":{"@type":"ImageObject","inLanguage":"lt-LT","@id":"https:\/\/bourbonkings.eu\/lt\/#\/schema\/logo\/image\/","url":"https:\/\/bourbonkings.eu\/wp-content\/uploads\/2024\/06\/bk-logo-e1719341491876.png","contentUrl":"https:\/\/bourbonkings.eu\/wp-content\/uploads\/2024\/06\/bk-logo-e1719341491876.png","width":300,"height":170,"caption":"Bourbon Kings"},"image":{"@id":"https:\/\/bourbonkings.eu\/lt\/#\/schema\/logo\/image\/"}}]}},"jetpack_sharing_enabled":true,"tiered_pricing_type":"fixed","tiered_pricing_fixed_rules":[],"tiered_pricing_product_settings":{"layout":"default","base_unit_name":{"singular":null,"plural":null},"default_variation":null},"tiered_pricing_minimum_quantity":1,"tiered_pricing_roles_data":[],"tiered_pricing_percentage_rules":[],"tiered_pricing_maximum_quantity":null,"tiered_pricing_quantity_step":null,"_links":{"self":[{"href":"https:\/\/bourbonkings.eu\/lt\/wp-json\/wp\/v2\/product\/1330"}],"collection":[{"href":"https:\/\/bourbonkings.eu\/lt\/wp-json\/wp\/v2\/product"}],"about":[{"href":"https:\/\/bourbonkings.eu\/lt\/wp-json\/wp\/v2\/types\/product"}],"replies":[{"embeddable":true,"href":"https:\/\/bourbonkings.eu\/lt\/wp-json\/wp\/v2\/comments?post=1330"}],"wp:featuredmedia":[{"embeddable":true,"href":"https:\/\/bourbonkings.eu\/lt\/wp-json\/wp\/v2\/media\/669"}],"wp:attachment":[{"href":"https:\/\/bourbonkings.eu\/lt\/wp-json\/wp\/v2\/media?parent=1330"}],"wp:term":[{"taxonomy":"product_cat","embeddable":true,"href":"https:\/\/bourbonkings.eu\/lt\/wp-json\/wp\/v2\/product_cat?post=1330"},{"taxonomy":"product_tag","embeddable":true,"href":"https:\/\/bourbonkings.eu\/lt\/wp-json\/wp\/v2\/product_tag?post=1330"}],"curies":[{"name":"wp","href":"https:\/\/api.w.org\/{rel}","templated":true}]}}